{"id":1472,"date":"2011-08-11T17:33:15","date_gmt":"2011-08-11T17:33:15","guid":{"rendered":"https:\/\/www.memoscopio.org\/?page_id=1472"},"modified":"2011-11-16T21:05:04","modified_gmt":"2011-11-16T21:05:04","slug":"collaborations","status":"publish","type":"page","link":"https:\/\/www.memoscopio.org\/?page_id=1472","title":{"rendered":"Collaborations"},"content":{"rendered":"<p>&nbsp;<\/p>\n<p><strong><a href=\"https:\/\/www.memoscopio.org\/wp-content\/uploads\/2011\/08\/logos_colaboradores.jpg\"><img loading=\"lazy\" decoding=\"async\" class=\"aligncenter size-full wp-image-2942\" title=\"logos_colaboradores\" src=\"https:\/\/www.memoscopio.org\/wp-content\/uploads\/2011\/08\/logos_colaboradores.jpg\" alt=\"\" width=\"904\" height=\"180\" srcset=\"https:\/\/www.memoscopio.org\/wp-content\/uploads\/2011\/08\/logos_colaboradores.jpg 904w, https:\/\/www.memoscopio.org\/wp-content\/uploads\/2011\/08\/logos_colaboradores-300x59.jpg 300w, https:\/\/www.memoscopio.org\/wp-content\/uploads\/2011\/08\/logos_colaboradores-299x59.jpg 299w\" sizes=\"auto, (max-width: 904px) 100vw, 904px\" \/><\/a><\/strong><\/p>\n<p><strong>Humanist Movement<\/strong>.\u00a0\u00a0\u00a0\u00a0 The humanist movement is inspired in New Humanism, a current of thought expressed in the writings of <a href=\"www.silo.net\" target=\"_blank\">Silo<\/a> and the many authors and artists who are inspired by his work. Humanism is not an ideology but a sentiment and a way of life that places the human being as a central concern. It is a way of being in the world that strives to overcome pain and suffering, learn without limits, and love the reality we build.\u00a0 Through the methodology of Active Nonviolence the organisms and actions fronts of the humanist movement work for simultaneous personal and social transformation. The Memoscopio team collaborates with humanist organizations that include:<\/p>\n<ul>\n<li><a href=\"http:\/\/www.cmehumanistas.org\/en\" target=\"_blank\">World Center for Humanist Studies<\/a><\/li>\n<li><a href=\"http:\/\/www.worldwithoutwars.org\/\" target=\"_blank\">World Without Wars and Violence<\/a><\/li>\n<li><a href=\"http:\/\/www.convergenceofcultures.org\/\" target=\"_blank\">Convergence of Cultures<\/a><\/li>\n<li><a href=\"http:\/\/www.internationalhumanistparty.org\/\" target=\"_blank\">Humanist Party<\/a><\/li>\n<li><a href=\"http:\/\/www.humanistmovement.net\/?secc=LC\" target=\"_blank\">The Community (for human development) <\/a><\/li>\n<li><a href=\"http:\/\/pressenza.com\/\" target=\"_blank\">Pressenza\u00a0 International Press Agency\u00a0<\/a><\/li>\n<li><a href=\"http:\/\/www.briadinovi.cl\/2011\/\" target=\"_blank\">Bria di Novi\u00a0<\/a><\/li>\n<\/ul>\n<p><a href=\"http:\/\/newmedialab.cuny.edu\/\" target=\"_blank\"><strong>CUNY Graduate Center&#8217;s New Media Lab<\/strong><\/a>.\u00a0\u00a0\u00a0\u00a0 Since February of 2010 Memoscopio has been present at the New Media Lab (NML) of the City University of New York (CUNY) Graduate Center. Director Andrea Vasquez, Project Adviser Aaron Knoll, researcher Shawndel Fraser and the members of the NML community have contributed to making new media a central element of the Memoscopio project.<strong>\u00a0<\/strong> <a href=\"http:\/\/newmedialab.cuny.edu\/projects\/current-projects\/memoscopio\/\" target=\"_blank\">Read more<\/a> about Memoscopio in the NML site.<\/p>\n<p><a href=\"http:\/\/www.publicscienceproject.org\/\" target=\"_blank\"><strong>Public Science Project<\/strong><\/a>.\u00a0\u00a0\u00a0\u00a0 Through seminars, conferences and publications, Memoscopio collaborates with\u00a0 PSP-affiliated researchers and activists whose work combines self-education, transformatory action, and social research. Director Dr. Mar\u00eda Torre,\u00a0 Founder Dr. Michelle Fine, and the PSP community have contributed to making the <a href=\"http:\/\/www.publicscienceproject.org\/principles-and-values\/\" target=\"_blank\">principles of Participatory Action Research<\/a> a core element of the Memoscopio project.<\/p>\n<p><a href=\"http:\/\/globalization.gc.cuny.edu\/\" target=\"_blank\"><strong>Committee on Globalization and Social Change <\/strong><\/a>.\u00a0\u00a0\u00a0\u00a0 Carolina Mu\u00f1oz Proto\u00a0 of the Memoscopio team is a 2011-2012 Graduate Fellow with the CGSC of the Graduate Center, City University of New York. During this time, she will develop Memoscopio\u2019s study of the World march for Peace and Nonviolence develop iin the context of the Committee&#8217;s conversations about solidarity in the age of globalization.<\/p>\n<p><a href=\"http:\/\/www.spssi.org\/\" target=\"_blank\"><strong>Society for the Psychological Study of Social Issues<\/strong><\/a>.\u00a0\u00a0\u00a0\u00a0 SPSSI\u2019s 2009 Applied Social Issues Internship contributed to the development of Memoscopio\u2019s digital collection of testimonios about the World March for Peace and Nonviolence. This work was presented during SPSSI\u2019s 2010 Biennial Conference in New Orleans and will be featured in an upcoming issue of the Journal of Social Issues being edited by Dr, Ricardo Barreras and Dr. Sean Massey.<\/p>\n<p><a href=\"http:\/\/www.alegriaglobal.org\/\" target=\"_blank\"><strong>Alegr\u00eda Global<\/strong><\/a>.\u00a0\u00a0\u00a0\u00a0 Alegr\u00eda\u00a0Global\u00a0es una organizaci\u00f3n ciudadana dedicada a contagiar la alegr\u00eda en todo el planeta. Promueven y apoyan buenas obras en diferentes pa\u00edses y contactan \u00a0a personas y organizaciones para generar una comunidad\u00a0global\u00a0de responsabilidad social y acci\u00f3n positiva. Twitter: @alegriaglobal<\/p>\n<p>&nbsp;<\/p>\n","protected":false},"excerpt":{"rendered":"<p>&nbsp; Humanist Movement.\u00a0\u00a0\u00a0\u00a0 The humanist movement is inspired in New Humanism, a current of thought expressed in the writings of Silo and the many authors and artists who are inspired by his work. Humanism is not an ideology but a sentiment and a way of life that places the human being as a central concern. [&hellip;]<\/p>\n","protected":false},"author":2,"featured_media":0,"parent":192,"menu_order":3,"comment_status":"open","ping_status":"open","template":"","meta":{"footnotes":""},"class_list":["post-1472","page","type-page","status-publish","hentry"],"_links":{"self":[{"href":"https:\/\/www.memoscopio.org\/index.php?rest_route=\/wp\/v2\/pages\/1472","targetHints":{"allow":["GET"]}}],"collection":[{"href":"https:\/\/www.memoscopio.org\/index.php?rest_route=\/wp\/v2\/pages"}],"about":[{"href":"https:\/\/www.memoscopio.org\/index.php?rest_route=\/wp\/v2\/types\/page"}],"author":[{"embeddable":true,"href":"https:\/\/www.memoscopio.org\/index.php?rest_route=\/wp\/v2\/users\/2"}],"replies":[{"embeddable":true,"href":"https:\/\/www.memoscopio.org\/index.php?rest_route=%2Fwp%2Fv2%2Fcomments&post=1472"}],"version-history":[{"count":27,"href":"https:\/\/www.memoscopio.org\/index.php?rest_route=\/wp\/v2\/pages\/1472\/revisions"}],"predecessor-version":[{"id":1502,"href":"https:\/\/www.memoscopio.org\/index.php?rest_route=\/wp\/v2\/pages\/1472\/revisions\/1502"}],"up":[{"embeddable":true,"href":"https:\/\/www.memoscopio.org\/index.php?rest_route=\/wp\/v2\/pages\/192"}],"wp:attachment":[{"href":"https:\/\/www.memoscopio.org\/index.php?rest_route=%2Fwp%2Fv2%2Fmedia&parent=1472"}],"curies":[{"name":"wp","href":"https:\/\/api.w.org\/{rel}","templated":true}]}}